{"id":5568,"date":"2022-11-07T20:22:12","date_gmt":"2022-11-08T01:22:12","guid":{"rendered":"https:\/\/theesa.ca\/nouvelles-et-ressources\/student-video-game-competition-now-accepting-entries"},"modified":"2022-11-08T04:16:37","modified_gmt":"2022-11-08T09:16:37","slug":"student-video-game-competition-now-accepting-entries","status":"publish","type":"page","link":"https:\/\/theesa.ca\/fr\/nouvelles-et-ressources\/student-video-game-competition-now-accepting-entries\/","title":{"rendered":"Concours de jeux vid\u00e9o \u00e9tudiant &#8211; Inscrivez-vous maintenant!"},"content":{"rendered":"<p>Le concours de jeux vid\u00e9o pour \u00e9tudiants de l&rsquo;ALD est con\u00e7u pour encourager les comp\u00e9tences en d\u00e9veloppement de jeux qui sont cruciales pour l&rsquo;avenir de l&rsquo;industrie nationale des jeux vid\u00e9o.<\/p>\n<p>Les \u00e9tudiants inscrits \u00e0 un programme post-secondaire peuvent soumettre leurs jeux ici.<\/p>\n<p><a href=\"http:\/\/theesa.files.com\" target=\"_blank\" rel=\"noopener\">theesa.files.com<\/a><\/p>\n<p>Le concours d\u00e9bute: 16 mars 2020<br \/>\nFin du concours\u00a0: 19 avril 2020<\/p>\n<p>Tous les jeux doivent \u00eatre envoy\u00e9s dans un fichier .zip contenant le fichier ou un lien vers le jeu. Merci de bien vouloir joindre un texte ou un document Word contenant les renseignements suivants\u00a0:<\/p>\n<ul>\n<li>le nom du jeu.<\/li>\n<li>le nom de l\u2019\u00e9tablissement que fr\u00e9quentent les \u00e9tudiants.<\/li>\n<li>le nom de tous les \u00e9tudiants ayant particip\u00e9 au d\u00e9veloppement du jeu.<\/li>\n<li>le nom de la personne-ressource principale, avec son adresse \u00e9lectronique et son num\u00e9ro de t\u00e9l\u00e9phone.<\/li>\n<li>les dates de d\u00e9but et de fin du d\u00e9veloppement du jeu, ainsi que le nom de la classe (le cas \u00e9ch\u00e9ant) et de l\u2019enseignant ou de l\u2019instructeur.<\/li>\n<\/ul>\n<p>R\u00c8GLEMENT DU CONCOURS<\/p>\n<ol>\n<li>Les jeux doivent avoir \u00e9t\u00e9 d\u00e9velopp\u00e9s entre le 1<sup>er<\/sup> septembre 2019 et la fin de la p\u00e9riode du concours.<\/li>\n<li>Les jeux doivent avoir \u00e9t\u00e9 d\u00e9velopp\u00e9s par un ou plusieurs \u00e9tudiants inscrits dans un m\u00eame \u00e9tablissement.<\/li>\n<li>Les jeux doivent \u00eatre en format zip et doivent pouvoir \u00eatre ex\u00e9cut\u00e9s sur des ordinateurs tournant sous Microsoft Windows\u00a9.<\/li>\n<li>Les jeux doivent \u00eatre en anglais ou en fran\u00e7ais.<\/li>\n<li>Les jeux doivent \u00eatre une id\u00e9e originale des participants et non pas la modification d\u2019un jeu existant.<\/li>\n<li>Le contenu des jeux ne doit pas \u00eatre sexuellement explicite ni offensant.<\/li>\n<li>Le contenu des jeux ne doit pas violer les droits d\u2019autrui comme le droit \u00e0 la vie priv\u00e9e; il ne doit pas constituer d\u2019infraction \u00e0 un droit d\u2019auteur. Les jeux ne doivent pas contenir de ressemblance avec qui que ce soit sans l\u2019autorisation expresse de cette personne.<\/li>\n<li>Chaque jeu ne peut \u00eatre soumis qu\u2019une seule fois dans le cadre du concours canadien de jeux vid\u00e9o \u00e9tudiant.<\/li>\n<\/ol>\n<p>Pour le r\u00e8glement complet, veuillez consulter le document sur le r\u00e8glement du concours.<\/p>\n<p>Suivez-nous sur Twitter et Facebook pour toutes les\u00a0 nouvelles ou directives et pour voir les gagnants.<\/p>\n<p>Pour de plus amples renseignements sur ce concours, veuillez communiquer avec Jayson Hilchie, \u00e0 <a href=\"mailto:jhilchie@theesa.ca\">jhilchie@theesa.ca<\/a>.<\/p>\n","protected":false},"excerpt":{"rendered":"<p>Le concours de jeux vid\u00e9o pour \u00e9tudiants de l&rsquo;ALD est<\/p>\n","protected":false},"author":1,"featured_media":0,"parent":5249,"menu_order":0,"comment_status":"closed","ping_status":"closed","template":"","meta":{"_monsterinsights_skip_tracking":false,"_monsterinsights_sitenote_active":false,"_monsterinsights_sitenote_note":"","_monsterinsights_sitenote_category":0,"footnotes":"","_wp_rev_ctl_limit":""},"class_list":["post-5568","page","type-page","status-publish","hentry"],"aioseo_notices":[],"_links":{"self":[{"href":"https:\/\/theesa.ca\/fr\/wp-json\/wp\/v2\/pages\/5568","targetHints":{"allow":["GET"]}}],"collection":[{"href":"https:\/\/theesa.ca\/fr\/wp-json\/wp\/v2\/pages"}],"about":[{"href":"https:\/\/theesa.ca\/fr\/wp-json\/wp\/v2\/types\/page"}],"author":[{"embeddable":true,"href":"https:\/\/theesa.ca\/fr\/wp-json\/wp\/v2\/users\/1"}],"replies":[{"embeddable":true,"href":"https:\/\/theesa.ca\/fr\/wp-json\/wp\/v2\/comments?post=5568"}],"version-history":[{"count":1,"href":"https:\/\/theesa.ca\/fr\/wp-json\/wp\/v2\/pages\/5568\/revisions"}],"predecessor-version":[{"id":5569,"href":"https:\/\/theesa.ca\/fr\/wp-json\/wp\/v2\/pages\/5568\/revisions\/5569"}],"up":[{"embeddable":true,"href":"https:\/\/theesa.ca\/fr\/wp-json\/wp\/v2\/pages\/5249"}],"wp:attachment":[{"href":"https:\/\/theesa.ca\/fr\/wp-json\/wp\/v2\/media?parent=5568"}],"curies":[{"name":"wp","href":"https:\/\/api.w.org\/{rel}","templated":true}]}}