{"id":6455,"date":"2023-06-05T08:47:41","date_gmt":"2023-06-05T12:47:41","guid":{"rendered":"https:\/\/theesa.ca\/confiance-et-securite\/partnerships-and-collaboration\/"},"modified":"2024-12-05T10:57:52","modified_gmt":"2024-12-05T15:57:52","slug":"partnerships-and-collaboration","status":"publish","type":"page","link":"https:\/\/theesa.ca\/fr\/confiance-et-securite\/partnerships-and-collaboration\/","title":{"rendered":"Partenariats et collaboration"},"content":{"rendered":"<p><div class=\"fusion-fullwidth fullwidth-box fusion-builder-row-1 fusion-flex-container has-pattern-background has-mask-background hundred-percent-fullwidth non-hundred-percent-height-scrolling\" style=\"--awb-border-radius-top-left:0px;--awb-border-radius-top-right:0px;--awb-border-radius-bottom-right:0px;--awb-border-radius-bottom-left:0px;--awb-margin-top:-55px;--awb-margin-bottom:-20px;--awb-background-color:#2d2d2d;--awb-flex-wrap:wrap;\" ><div class=\"fusion-builder-row fusion-row fusion-flex-align-items-flex-start fusion-flex-content-wrap\" style=\"width:104% !important;max-width:104% !important;margin-left: calc(-4% \/ 2 );margin-right: calc(-4% \/ 2 );\"><div class=\"fusion-layout-column fusion_builder_column fusion-builder-column-0 fusion_builder_column_1_1 1_1 fusion-flex-column\" style=\"--awb-bg-color:#2d2d2d;--awb-bg-color-hover:#2d2d2d;--awb-bg-size:cover;--awb-width-large:100%;--awb-margin-top-large:0px;--awb-spacing-right-large:1.92%;--awb-margin-bottom-large:20px;--awb-spacing-left-large:1.92%;--awb-width-medium:100%;--awb-order-medium:0;--awb-spacing-right-medium:1.92%;--awb-spacing-left-medium:1.92%;--awb-width-small:100%;--awb-order-small:0;--awb-spacing-right-small:1.92%;--awb-spacing-left-small:1.92%;\" data-scroll-devices=\"small-visibility,medium-visibility,large-visibility\"><div class=\"fusion-column-wrapper fusion-column-has-shadow fusion-flex-justify-content-flex-start fusion-content-layout-column\"><nav class=\"awb-menu awb-menu_row awb-menu_em-hover mobile-mode-collapse-to-button awb-menu_icons-left awb-menu_dc-yes mobile-trigger-fullwidth-off awb-menu_mobile-toggle awb-menu_indent-left mobile-size-full-absolute loading mega-menu-loading awb-menu_desktop awb-menu_arrows-active awb-menu_arrows-main awb-menu_arrows-sub awb-menu_dropdown awb-menu_expand-right\" style=\"--awb-font-size:14px;--awb-min-height:30px;--awb-bg:#2d2d2d;--awb-gap:7px;--awb-align-items:center;--awb-justify-content:center;--awb-color:#ffffff;--awb-active-color:var(--awb-color4);--awb-submenu-sep-color:rgba(226,226,226,0);--awb-submenu-active-color:var(--awb-color4);--awb-icons-hover-color:var(--awb-color4);--awb-main-justify-content:flex-start;--awb-mobile-justify:flex-start;--awb-mobile-caret-left:auto;--awb-mobile-caret-right:0;--awb-fusion-font-family-typography:&quot;Roboto Condensed&quot;;--awb-fusion-font-style-typography:normal;--awb-fusion-font-weight-typography:500;--awb-fusion-font-family-submenu-typography:inherit;--awb-fusion-font-style-submenu-typography:normal;--awb-fusion-font-weight-submenu-typography:400;--awb-fusion-font-family-mobile-typography:inherit;--awb-fusion-font-style-mobile-typography:normal;--awb-fusion-font-weight-mobile-typography:400;\" aria-label=\"Trust and Safety 2\" data-breakpoint=\"1024\" data-count=\"0\" data-transition-type=\"fade\" data-transition-time=\"300\" data-expand=\"right\"><button type=\"button\" class=\"awb-menu__m-toggle awb-menu__m-toggle_no-text\" aria-expanded=\"false\" aria-controls=\"menu-trust-and-safety-2\"><span class=\"awb-menu__m-toggle-inner\"><span class=\"collapsed-nav-text\"><span class=\"screen-reader-text\">Toggle Navigation<\/span><\/span><span class=\"awb-menu__m-collapse-icon awb-menu__m-collapse-icon_no-text\"><span class=\"awb-menu__m-collapse-icon-open awb-menu__m-collapse-icon-open_no-text fa-bars fas\"><\/span><span class=\"awb-menu__m-collapse-icon-close awb-menu__m-collapse-icon-close_no-text fa-times fas\"><\/span><\/span><\/span><\/button><ul id=\"menu-trust-and-safety-2\" class=\"fusion-menu awb-menu__main-ul awb-menu__main-ul_row\"><li  id=\"menu-item-7486\"  class=\"menu-item menu-item-type-post_type menu-item-object-page menu-item-7486 awb-menu__li awb-menu__main-li awb-menu__main-li_regular awb-menu__main-li_with-active-arrow awb-menu__main-li_with-main-arrow awb-menu__main-li_with-arrow\"  data-item-id=\"7486\"><span class=\"awb-menu__main-background-default awb-menu__main-background-default_fade\"><\/span><span class=\"awb-menu__main-background-active awb-menu__main-background-active_fade\"><\/span><a  href=\"https:\/\/theesa.ca\/trust-and-safety\/tools-for-parents\/\" class=\"awb-menu__main-a awb-menu__main-a_regular\"><span class=\"menu-text\">Outils pour les parents<\/span><\/a><\/li><li  id=\"menu-item-7487\"  class=\"menu-item menu-item-type-post_type menu-item-object-page menu-item-7487 awb-menu__li awb-menu__main-li awb-menu__main-li_regular awb-menu__main-li_with-active-arrow awb-menu__main-li_with-main-arrow awb-menu__main-li_with-arrow\"  data-item-id=\"7487\"><span class=\"awb-menu__main-background-default awb-menu__main-background-default_fade\"><\/span><span class=\"awb-menu__main-background-active awb-menu__main-background-active_fade\"><\/span><a  href=\"https:\/\/theesa.ca\/trust-and-safety\/tools-for-players\/\" class=\"awb-menu__main-a awb-menu__main-a_regular\"><span class=\"menu-text\">Outils pour les joueurs<\/span><\/a><\/li><li  id=\"menu-item-7488\"  class=\"menu-item menu-item-type-post_type menu-item-object-page menu-item-7488 awb-menu__li awb-menu__main-li awb-menu__main-li_regular awb-menu__main-li_with-active-arrow awb-menu__main-li_with-main-arrow awb-menu__main-li_with-arrow\"  data-item-id=\"7488\"><span class=\"awb-menu__main-background-default awb-menu__main-background-default_fade\"><\/span><span class=\"awb-menu__main-background-active awb-menu__main-background-active_fade\"><\/span><a  href=\"https:\/\/theesa.ca\/trust-and-safety\/leading-technologies\/\" class=\"awb-menu__main-a awb-menu__main-a_regular\"><span class=\"menu-text\">Technologies de pointe<\/span><\/a><\/li><li  id=\"menu-item-7489\"  class=\"menu-item menu-item-type-post_type menu-item-object-page menu-item-7489 awb-menu__li awb-menu__main-li awb-menu__main-li_regular awb-menu__main-li_with-active-arrow awb-menu__main-li_with-main-arrow awb-menu__main-li_with-arrow\"  data-item-id=\"7489\"><span class=\"awb-menu__main-background-default awb-menu__main-background-default_fade\"><\/span><span class=\"awb-menu__main-background-active awb-menu__main-background-active_fade\"><\/span><a  href=\"https:\/\/theesa.ca\/trust-and-safety\/skilled-human-oversight\/\" class=\"awb-menu__main-a awb-menu__main-a_regular\"><span class=\"menu-text\">Surveillance assur\u00e9e par une personne qualifi\u00e9e<\/span><\/a><\/li><li  id=\"menu-item-7490\"  class=\"menu-item menu-item-type-post_type menu-item-object-page menu-item-7490 awb-menu__li awb-menu__main-li awb-menu__main-li_regular awb-menu__main-li_with-active-arrow awb-menu__main-li_with-main-arrow awb-menu__main-li_with-arrow\"  data-item-id=\"7490\"><span class=\"awb-menu__main-background-default awb-menu__main-background-default_fade\"><\/span><span class=\"awb-menu__main-background-active awb-menu__main-background-active_fade\"><\/span><a  href=\"https:\/\/theesa.ca\/trust-and-safety\/clear-codes-of-conduct\/\" class=\"awb-menu__main-a awb-menu__main-a_regular\"><span class=\"menu-text\">Des codes de conduite clairs<\/span><\/a><\/li><li  id=\"menu-item-7491\"  class=\"menu-item menu-item-type-post_type menu-item-object-page menu-item-7491 awb-menu__li awb-menu__main-li awb-menu__main-li_regular awb-menu__main-li_with-active-arrow awb-menu__main-li_with-main-arrow awb-menu__main-li_with-arrow\"  data-item-id=\"7491\"><span class=\"awb-menu__main-background-default awb-menu__main-background-default_fade\"><\/span><span class=\"awb-menu__main-background-active awb-menu__main-background-active_fade\"><\/span><a  href=\"https:\/\/theesa.ca\/trust-and-safety\/promoting-positive-play\/\" class=\"awb-menu__main-a awb-menu__main-a_regular\"><span class=\"menu-text\">Promouvoir la pratique positive du jeu<\/span><\/a><\/li><li  id=\"menu-item-7492\"  class=\"menu-item menu-item-type-post_type menu-item-object-page menu-item-7492 awb-menu__li awb-menu__main-li awb-menu__main-li_regular awb-menu__main-li_with-active-arrow awb-menu__main-li_with-main-arrow awb-menu__main-li_with-arrow\"  data-item-id=\"7492\"><span class=\"awb-menu__main-background-default awb-menu__main-background-default_fade\"><\/span><span class=\"awb-menu__main-background-active awb-menu__main-background-active_fade\"><\/span><a  href=\"https:\/\/theesa.ca\/trust-and-safety\/partnerships-and-collaboration\/\" class=\"awb-menu__main-a awb-menu__main-a_regular\"><span class=\"menu-text\">Partenariats et collaboration<\/span><\/a><\/li><li  id=\"menu-item-7485\"  class=\"menu-item menu-item-type-post_type menu-item-object-page menu-item-7485 awb-menu__li awb-menu__main-li awb-menu__main-li_regular awb-menu__main-li_with-active-arrow awb-menu__main-li_with-main-arrow awb-menu__main-li_with-arrow\"  data-item-id=\"7485\"><span class=\"awb-menu__main-background-default awb-menu__main-background-default_fade\"><\/span><span class=\"awb-menu__main-background-active awb-menu__main-background-active_fade\"><\/span><a  href=\"https:\/\/theesa.ca\/trust-and-safety\/parental-controls\/\" class=\"awb-menu__main-a awb-menu__main-a_regular\"><span class=\"menu-text\">Contr\u00f4le parental<\/span><\/a><\/li><\/ul><\/nav><\/div><\/div><\/div><\/div><div class=\"fusion-fullwidth fullwidth-box fusion-builder-row-2 fusion-flex-container has-pattern-background has-mask-background nonhundred-percent-fullwidth non-hundred-percent-height-scrolling\" style=\"--awb-border-radius-top-left:0px;--awb-border-radius-top-right:0px;--awb-border-radius-bottom-right:0px;--awb-border-radius-bottom-left:0px;--awb-background-image:linear-gradient(180deg, #0d932e 0%,#185396 100%);--awb-flex-wrap:wrap;\" ><div class=\"fusion-builder-row fusion-row fusion-flex-align-items-flex-start fusion-flex-content-wrap\" style=\"max-width:1185.6px;margin-left: calc(-4% \/ 2 );margin-right: calc(-4% \/ 2 );\"><div class=\"fusion-layout-column fusion_builder_column fusion-builder-column-1 fusion_builder_column_1_3 1_3 fusion-flex-column fusion-no-small-visibility\" style=\"--awb-bg-size:cover;--awb-width-large:33.333333333333%;--awb-margin-top-large:0px;--awb-spacing-right-large:5.76%;--awb-margin-bottom-large:20px;--awb-spacing-left-large:5.76%;--awb-width-medium:100%;--awb-order-medium:0;--awb-spacing-right-medium:1.92%;--awb-spacing-left-medium:1.92%;--awb-width-small:100%;--awb-order-small:0;--awb-spacing-right-small:1.92%;--awb-spacing-left-small:1.92%;\" data-scroll-devices=\"small-visibility,medium-visibility,large-visibility\"><div class=\"fusion-column-wrapper fusion-column-has-shadow fusion-flex-justify-content-flex-start fusion-content-layout-column\"><div class=\"fusion-text fusion-text-1\" style=\"--awb-margin-top:70px;--awb-text-font-family:&quot;Roboto&quot;;--awb-text-font-style:normal;--awb-text-font-weight:700;\"><h1><span style=\"color: #ffffff;\">Partenariats et collaboration<\/span><\/h1>\n<h3><span style=\"color: #ffffff;\">Travailler ensemble pour mieux prot\u00e9ger les joueurs canadiens.<\/span><\/h3>\n<\/div><\/div><\/div><div class=\"fusion-layout-column fusion_builder_column fusion-builder-column-2 fusion_builder_column_2_3 2_3 fusion-flex-column\" style=\"--awb-overflow:hidden;--awb-bg-size:cover;--awb-border-radius:0px 0px 25px 25px;--awb-width-large:66.666666666667%;--awb-margin-top-large:0px;--awb-spacing-right-large:2.88%;--awb-margin-bottom-large:20px;--awb-spacing-left-large:2.88%;--awb-width-medium:100%;--awb-order-medium:0;--awb-spacing-right-medium:1.92%;--awb-spacing-left-medium:1.92%;--awb-width-small:100%;--awb-order-small:0;--awb-spacing-right-small:1.92%;--awb-spacing-left-small:1.92%;\" data-scroll-devices=\"small-visibility,medium-visibility,large-visibility\"><div class=\"fusion-column-wrapper fusion-column-has-shadow fusion-flex-justify-content-flex-start fusion-content-layout-column\"><div class=\"fusion-image-element \" style=\"--awb-caption-title-font-family:var(--h2_typography-font-family);--awb-caption-title-font-weight:var(--h2_typography-font-weight);--awb-caption-title-font-style:var(--h2_typography-font-style);--awb-caption-title-size:var(--h2_typography-font-size);--awb-caption-title-transform:var(--h2_typography-text-transform);--awb-caption-title-line-height:var(--h2_typography-line-height);--awb-caption-title-letter-spacing:var(--h2_typography-letter-spacing);\"><span class=\" fusion-imageframe imageframe-none imageframe-1 hover-type-none\"><img decoding=\"async\" width=\"2400\" height=\"1600\" title=\"A interracial group of architects is pointing at the blueprints\" src=\"https:\/\/theesa.ca\/wp-content\/uploads\/2023\/10\/adobestock_621629511-reg.jpg\" data-orig-src=\"https:\/\/theesa.ca\/wp-content\/uploads\/2023\/10\/adobestock_621629511-reg.jpg\" alt class=\"lazyload img-responsive wp-image-6378\" srcset=\"data:image\/svg+xml,%3Csvg%20xmlns%3D%27http%3A%2F%2Fwww.w3.org%2F2000%2Fsvg%27%20width%3D%272400%27%20height%3D%271600%27%20viewBox%3D%270%200%202400%201600%27%3E%3Crect%20width%3D%272400%27%20height%3D%271600%27%20fill-opacity%3D%220%22%2F%3E%3C%2Fsvg%3E\" data-srcset=\"https:\/\/theesa.ca\/wp-content\/uploads\/2023\/10\/adobestock_621629511-reg-200x133.jpg 200w, https:\/\/theesa.ca\/wp-content\/uploads\/2023\/10\/adobestock_621629511-reg-400x267.jpg 400w, https:\/\/theesa.ca\/wp-content\/uploads\/2023\/10\/adobestock_621629511-reg-600x400.jpg 600w, https:\/\/theesa.ca\/wp-content\/uploads\/2023\/10\/adobestock_621629511-reg-800x533.jpg 800w, https:\/\/theesa.ca\/wp-content\/uploads\/2023\/10\/adobestock_621629511-reg-1200x800.jpg 1200w, https:\/\/theesa.ca\/wp-content\/uploads\/2023\/10\/adobestock_621629511-reg.jpg 2400w\" data-sizes=\"auto\" data-orig-sizes=\"(max-width: 1024px) 100vw, (max-width: 640px) 100vw, 800px\" \/><\/span><\/div><\/div><\/div><div class=\"fusion-layout-column fusion_builder_column fusion-builder-column-3 fusion_builder_column_1_2 1_2 fusion-flex-column fusion-no-medium-visibility fusion-no-large-visibility\" style=\"--awb-bg-size:cover;--awb-width-large:50%;--awb-margin-top-large:0px;--awb-spacing-right-large:3.84%;--awb-margin-bottom-large:20px;--awb-spacing-left-large:3.84%;--awb-width-medium:100%;--awb-order-medium:0;--awb-spacing-right-medium:1.92%;--awb-spacing-left-medium:1.92%;--awb-width-small:100%;--awb-order-small:0;--awb-spacing-right-small:1.92%;--awb-spacing-left-small:1.92%;\" data-scroll-devices=\"small-visibility,medium-visibility,large-visibility\"><div class=\"fusion-column-wrapper fusion-column-has-shadow fusion-flex-justify-content-flex-start fusion-content-layout-column\"><div class=\"fusion-text fusion-text-2\"><h1 class=\"entry-title\" style=\"text-align: center;\"><span style=\"color: #ffffff; font-size: 25px;\"><small>Partenariats et collaboration<\/small><\/span><\/h1>\n<h3 style=\"text-align: center;\"><span style=\"color: #ffffff;\">Travailler ensemble pour mieux prot\u00e9ger les joueurs canadiens.<\/span><\/h3>\n<\/div><\/div><\/div><\/div><\/div><div class=\"fusion-fullwidth fullwidth-box fusion-builder-row-3 fusion-flex-container has-pattern-background has-mask-background nonhundred-percent-fullwidth non-hundred-percent-height-scrolling\" style=\"--awb-border-radius-top-left:0px;--awb-border-radius-top-right:0px;--awb-border-radius-bottom-right:0px;--awb-border-radius-bottom-left:0px;--awb-flex-wrap:wrap;\" ><div class=\"fusion-builder-row fusion-row fusion-flex-align-items-flex-start fusion-flex-content-wrap\" style=\"max-width:1185.6px;margin-left: calc(-4% \/ 2 );margin-right: calc(-4% \/ 2 );\"><div class=\"fusion-layout-column fusion_builder_column fusion-builder-column-4 fusion_builder_column_1_1 1_1 fusion-flex-column\" style=\"--awb-bg-size:cover;--awb-width-large:100%;--awb-margin-top-large:0px;--awb-spacing-right-large:1.92%;--awb-margin-bottom-large:20px;--awb-spacing-left-large:1.92%;--awb-width-medium:100%;--awb-order-medium:0;--awb-spacing-right-medium:1.92%;--awb-spacing-left-medium:1.92%;--awb-width-small:100%;--awb-order-small:0;--awb-spacing-right-small:1.92%;--awb-spacing-left-small:1.92%;\"><div class=\"fusion-column-wrapper fusion-column-has-shadow fusion-flex-justify-content-flex-start fusion-content-layout-column\"><div class=\"fusion-separator fusion-full-width-sep\" style=\"align-self: center;margin-left: auto;margin-right: auto;margin-top:50px;width:100%;\"><\/div><\/div><\/div><\/div><\/div><div class=\"fusion-fullwidth fullwidth-box fusion-builder-row-4 fusion-flex-container has-pattern-background has-mask-background nonhundred-percent-fullwidth non-hundred-percent-height-scrolling\" style=\"--awb-border-radius-top-left:0px;--awb-border-radius-top-right:0px;--awb-border-radius-bottom-right:0px;--awb-border-radius-bottom-left:0px;--awb-flex-wrap:wrap;\" ><div class=\"fusion-builder-row fusion-row fusion-flex-align-items-flex-start fusion-flex-content-wrap\" style=\"max-width:1185.6px;margin-left: calc(-4% \/ 2 );margin-right: calc(-4% \/ 2 );\"><div class=\"fusion-layout-column fusion_builder_column fusion-builder-column-5 fusion_builder_column_1_1 1_1 fusion-flex-column\" style=\"--awb-bg-size:cover;--awb-width-large:100%;--awb-margin-top-large:0px;--awb-spacing-right-large:1.92%;--awb-margin-bottom-large:20px;--awb-spacing-left-large:1.92%;--awb-width-medium:100%;--awb-order-medium:0;--awb-spacing-right-medium:1.92%;--awb-spacing-left-medium:1.92%;--awb-width-small:100%;--awb-order-small:0;--awb-spacing-right-small:1.92%;--awb-spacing-left-small:1.92%;\"><div class=\"fusion-column-wrapper fusion-column-has-shadow fusion-flex-justify-content-flex-start fusion-content-layout-column\"><div class=\"fusion-text fusion-text-3\"><p>Nous avons tous un r\u00f4le \u00e0 jouer pour pr\u00e9server la s\u00e9curit\u00e9 en ligne. Les d\u00e9veloppeurs, les \u00e9diteurs et les plateformes de jeux vid\u00e9o s\u2019engagent \u00e0 travailler de concert pour cr\u00e9er des exp\u00e9riences en ligne plus positives, plus s\u00fbres et plus inclusives. En outre, l\u2019industrie du jeu vid\u00e9o s\u2019associe \u00e0 de tierces parties de confiance pour faciliter le partage d\u2019informations et la coordination entre les acteurs afin de faire de l\u2019internet un meilleur endroit. Ces groupes rassemblent des experts et des parties prenantes de diff\u00e9rents secteurs qui se consacrent non seulement aux jeux vid\u00e9o, mais aussi \u00e0 une grande vari\u00e9t\u00e9 d\u2019activit\u00e9s et de communaut\u00e9s en ligne.<\/p>\n<\/div><div class=\"fusion-text fusion-text-4\"><h3 class=\"elementor-heading-title elementor-size-default\" style=\"text-align: center;\">D\u00e9couvrez des exemples de partenariats et collaboration :<\/h3>\n<\/div><\/div><\/div><div class=\"fusion-layout-column fusion_builder_column fusion-builder-column-6 fusion_builder_column_1_2 1_2 fusion-flex-column\" style=\"--awb-bg-size:cover;--awb-width-large:50%;--awb-margin-top-large:0px;--awb-spacing-right-large:3.84%;--awb-margin-bottom-large:20px;--awb-spacing-left-large:3.84%;--awb-width-medium:100%;--awb-order-medium:0;--awb-spacing-right-medium:1.92%;--awb-spacing-left-medium:1.92%;--awb-width-small:100%;--awb-order-small:0;--awb-spacing-right-small:1.92%;--awb-spacing-left-small:1.92%;\"><div class=\"fusion-column-wrapper fusion-column-has-shadow fusion-flex-justify-content-flex-start fusion-content-layout-column\"><div class=\"fusion-image-element \" style=\"text-align:center;--awb-liftup-border-radius:0px;--awb-caption-title-font-family:var(--h2_typography-font-family);--awb-caption-title-font-weight:var(--h2_typography-font-weight);--awb-caption-title-font-style:var(--h2_typography-font-style);--awb-caption-title-size:var(--h2_typography-font-size);--awb-caption-title-transform:var(--h2_typography-text-transform);--awb-caption-title-line-height:var(--h2_typography-line-height);--awb-caption-title-letter-spacing:var(--h2_typography-letter-spacing);\"><div class=\"awb-image-frame awb-image-frame-2 imageframe-liftup\" style=\"max-width:125px;\"><span class=\" fusion-imageframe imageframe-none imageframe-2\"><a class=\"fusion-no-lightbox\" href=\"https:\/\/theesa.ca\/fr\/confiance-et-securite\/partnerships-and-collaboration\/esac\/\" target=\"_self\" aria-label=\"cropped-ESAC_Round.png\"><img decoding=\"async\" width=\"512\" height=\"512\" src=\"https:\/\/theesa.ca\/wp-content\/uploads\/2022\/07\/cropped-ESAC_Round.png\" data-orig-src=\"https:\/\/theesa.ca\/wp-content\/uploads\/2022\/07\/cropped-ESAC_Round.png\" alt class=\"lazyload img-responsive wp-image-5649\" srcset=\"data:image\/svg+xml,%3Csvg%20xmlns%3D%27http%3A%2F%2Fwww.w3.org%2F2000%2Fsvg%27%20width%3D%27512%27%20height%3D%27512%27%20viewBox%3D%270%200%20512%20512%27%3E%3Crect%20width%3D%27512%27%20height%3D%27512%27%20fill-opacity%3D%220%22%2F%3E%3C%2Fsvg%3E\" data-srcset=\"https:\/\/theesa.ca\/wp-content\/uploads\/2022\/07\/cropped-ESAC_Round-200x200.png 200w, https:\/\/theesa.ca\/wp-content\/uploads\/2022\/07\/cropped-ESAC_Round-400x400.png 400w, https:\/\/theesa.ca\/wp-content\/uploads\/2022\/07\/cropped-ESAC_Round.png 512w\" data-sizes=\"auto\" data-orig-sizes=\"(max-width: 1024px) 100vw, (max-width: 640px) 100vw, 512px\" \/><\/a><\/span><\/div><\/div><\/div><\/div><div class=\"fusion-layout-column fusion_builder_column fusion-builder-column-7 fusion_builder_column_1_2 1_2 fusion-flex-column\" style=\"--awb-bg-size:cover;--awb-width-large:50%;--awb-margin-top-large:0px;--awb-spacing-right-large:3.84%;--awb-margin-bottom-large:20px;--awb-spacing-left-large:3.84%;--awb-width-medium:100%;--awb-order-medium:0;--awb-spacing-right-medium:1.92%;--awb-spacing-left-medium:1.92%;--awb-width-small:100%;--awb-order-small:0;--awb-spacing-right-small:1.92%;--awb-spacing-left-small:1.92%;\"><div class=\"fusion-column-wrapper fusion-column-has-shadow fusion-flex-justify-content-flex-start fusion-content-layout-column\"><div class=\"fusion-image-element \" style=\"text-align:center;--awb-liftup-border-radius:0px;--awb-caption-title-font-family:var(--h2_typography-font-family);--awb-caption-title-font-weight:var(--h2_typography-font-weight);--awb-caption-title-font-style:var(--h2_typography-font-style);--awb-caption-title-size:var(--h2_typography-font-size);--awb-caption-title-transform:var(--h2_typography-text-transform);--awb-caption-title-line-height:var(--h2_typography-line-height);--awb-caption-title-letter-spacing:var(--h2_typography-letter-spacing);\"><div class=\"awb-image-frame awb-image-frame-3 imageframe-liftup\" style=\"max-width:125px;\"><span class=\" fusion-imageframe imageframe-none imageframe-3\"><a class=\"fusion-no-lightbox\" href=\"https:\/\/theesa.ca\/fr\/confiance-et-securite\/partnerships-and-collaboration\/nintendo-playstation-xbox-collaboration\/\" target=\"_self\" aria-label=\"IMG_2809\"><img decoding=\"async\" width=\"470\" height=\"300\" src=\"https:\/\/theesa.ca\/wp-content\/uploads\/2023\/10\/IMG_2809.png\" data-orig-src=\"https:\/\/theesa.ca\/wp-content\/uploads\/2023\/10\/IMG_2809.png\" alt class=\"lazyload img-responsive wp-image-6896\" srcset=\"data:image\/svg+xml,%3Csvg%20xmlns%3D%27http%3A%2F%2Fwww.w3.org%2F2000%2Fsvg%27%20width%3D%27470%27%20height%3D%27300%27%20viewBox%3D%270%200%20470%20300%27%3E%3Crect%20width%3D%27470%27%20height%3D%27300%27%20fill-opacity%3D%220%22%2F%3E%3C%2Fsvg%3E\" data-srcset=\"https:\/\/theesa.ca\/wp-content\/uploads\/2023\/10\/IMG_2809-200x128.png 200w, https:\/\/theesa.ca\/wp-content\/uploads\/2023\/10\/IMG_2809-400x255.png 400w, https:\/\/theesa.ca\/wp-content\/uploads\/2023\/10\/IMG_2809.png 470w\" data-sizes=\"auto\" data-orig-sizes=\"(max-width: 1024px) 100vw, (max-width: 640px) 100vw, 470px\" \/><\/a><\/span><\/div><\/div><\/div><\/div><\/div><\/div><div class=\"fusion-fullwidth fullwidth-box fusion-builder-row-5 fusion-flex-container has-pattern-background has-mask-background nonhundred-percent-fullwidth non-hundred-percent-height-scrolling\" style=\"--awb-border-radius-top-left:0px;--awb-border-radius-top-right:0px;--awb-border-radius-bottom-right:0px;--awb-border-radius-bottom-left:0px;--awb-flex-wrap:wrap;\" ><div class=\"fusion-builder-row fusion-row fusion-flex-align-items-flex-start fusion-flex-content-wrap\" style=\"max-width:1185.6px;margin-left: calc(-4% \/ 2 );margin-right: calc(-4% \/ 2 );\"><div class=\"fusion-layout-column fusion_builder_column fusion-builder-column-8 fusion_builder_column_1_1 1_1 fusion-flex-column\" style=\"--awb-bg-size:cover;--awb-width-large:100%;--awb-margin-top-large:0px;--awb-spacing-right-large:1.92%;--awb-margin-bottom-large:20px;--awb-spacing-left-large:1.92%;--awb-width-medium:100%;--awb-order-medium:0;--awb-spacing-right-medium:1.92%;--awb-spacing-left-medium:1.92%;--awb-width-small:100%;--awb-order-small:0;--awb-spacing-right-small:1.92%;--awb-spacing-left-small:1.92%;\"><div class=\"fusion-column-wrapper fusion-column-has-shadow fusion-flex-justify-content-flex-start fusion-content-layout-column\"><div style=\"text-align:center;\"><a class=\"fusion-button button-flat fusion-button-default-size button-default fusion-button-default button-1 fusion-button-default-span fusion-button-default-type\" target=\"_self\" href=\"https:\/\/theesa.ca\/fr\/confiance-et-securite\/\"><i class=\"fa-arrow-circle-left fas awb-button__icon awb-button__icon--default button-icon-left\" aria-hidden=\"true\"><\/i><span class=\"fusion-button-text awb-button__text awb-button__text--default\">Retour \u00e0 le r\u00e9sum\u00e9<\/span><\/a><\/div><\/div><\/div><\/div><\/div><\/p>\n","protected":false},"excerpt":{"rendered":"","protected":false},"author":1,"featured_media":0,"parent":6391,"menu_order":7,"comment_status":"closed","ping_status":"closed","template":"100-width.php","meta":{"_monsterinsights_skip_tracking":false,"_monsterinsights_sitenote_active":false,"_monsterinsights_sitenote_note":"","_monsterinsights_sitenote_category":0,"footnotes":"","_wp_rev_ctl_limit":""},"class_list":["post-6455","page","type-page","status-publish","hentry"],"aioseo_notices":[],"_links":{"self":[{"href":"https:\/\/theesa.ca\/fr\/wp-json\/wp\/v2\/pages\/6455","targetHints":{"allow":["GET"]}}],"collection":[{"href":"https:\/\/theesa.ca\/fr\/wp-json\/wp\/v2\/pages"}],"about":[{"href":"https:\/\/theesa.ca\/fr\/wp-json\/wp\/v2\/types\/page"}],"author":[{"embeddable":true,"href":"https:\/\/theesa.ca\/fr\/wp-json\/wp\/v2\/users\/1"}],"replies":[{"embeddable":true,"href":"https:\/\/theesa.ca\/fr\/wp-json\/wp\/v2\/comments?post=6455"}],"version-history":[{"count":7,"href":"https:\/\/theesa.ca\/fr\/wp-json\/wp\/v2\/pages\/6455\/revisions"}],"predecessor-version":[{"id":7601,"href":"https:\/\/theesa.ca\/fr\/wp-json\/wp\/v2\/pages\/6455\/revisions\/7601"}],"up":[{"embeddable":true,"href":"https:\/\/theesa.ca\/fr\/wp-json\/wp\/v2\/pages\/6391"}],"wp:attachment":[{"href":"https:\/\/theesa.ca\/fr\/wp-json\/wp\/v2\/media?parent=6455"}],"curies":[{"name":"wp","href":"https:\/\/api.w.org\/{rel}","templated":true}]}}