{"id":8426,"date":"2026-03-26T18:30:50","date_gmt":"2026-03-26T22:30:50","guid":{"rendered":"https:\/\/theesa.ca\/esac-fan-choice-award\/"},"modified":"2026-03-31T10:47:42","modified_gmt":"2026-03-31T14:47:42","slug":"prix-choix-ald","status":"publish","type":"page","link":"https:\/\/theesa.ca\/fr\/prix-choix-ald\/","title":{"rendered":"Prix Choix des amateurs de l\u2019ALD"},"content":{"rendered":"<div class=\"fusion-fullwidth fullwidth-box fusion-builder-row-1 fusion-flex-container video-background has-pattern-background has-mask-background nonhundred-percent-fullwidth non-hundred-percent-height-scrolling\" style=\"--awb-border-radius-top-left:0px;--awb-border-radius-top-right:0px;--awb-border-radius-bottom-right:0px;--awb-border-radius-bottom-left:0px;--awb-margin-top:-55px;--awb-flex-wrap:wrap;\" ><div class=\"fullwidth-video\"><video preload=\"auto\" autoplay playsinline loop muted><source src=\"https:\/\/theesa.ca\/wp-content\/uploads\/2026\/03\/0_Cyberspace_Dynamic_4096x2304.mp4\" type=\"video\/mp4\"><\/video><\/div><div class=\"fusion-builder-row fusion-row fusion-flex-align-items-center fusion-flex-justify-content-center fusion-flex-content-wrap\" style=\"max-width:1185.6px;margin-left: calc(-4% \/ 2 );margin-right: calc(-4% \/ 2 );\"><div class=\"fusion-layout-column fusion_builder_column fusion-builder-column-0 fusion_builder_column_1_1 1_1 fusion-flex-column\" style=\"--awb-bg-size:cover;--awb-width-large:100%;--awb-margin-top-large:0px;--awb-spacing-right-large:1.92%;--awb-margin-bottom-large:20px;--awb-spacing-left-large:1.92%;--awb-width-medium:100%;--awb-order-medium:0;--awb-spacing-right-medium:1.92%;--awb-spacing-left-medium:1.92%;--awb-width-small:100%;--awb-order-small:0;--awb-spacing-right-small:1.92%;--awb-spacing-left-small:1.92%;\"><div class=\"fusion-column-wrapper fusion-column-has-shadow fusion-flex-justify-content-flex-start fusion-content-layout-column\"><div class=\"fusion-separator fusion-full-width-sep\" style=\"align-self: center;margin-left: auto;margin-right: auto;margin-top:40px;width:100%;\"><\/div><div class=\"fusion-title title fusion-title-1 fusion-no-small-visibility fusion-no-medium-visibility fusion-sep-none fusion-title-center fusion-title-text fusion-title-size-one\" style=\"--awb-text-color:#ffffff;--awb-font-size:60px;\"><h1 class=\"fusion-title-heading title-heading-center fusion-responsive-typography-calculated\" style=\"font-family:&quot;Roboto&quot;;font-style:normal;font-weight:700;margin:0;text-transform:uppercase;font-size:1em;--fontSize:60;line-height:var(--awb-typography1-line-height);\"><p style=\"text-align: center;\">Le Prix Choix des amateurs de l\u2019ALD<\/p><\/h1><\/div><div class=\"fusion-title title fusion-title-2 fusion-no-large-visibility fusion-sep-none fusion-title-center fusion-title-text fusion-title-size-one\" style=\"--awb-text-color:#ffffff;\"><h1 class=\"fusion-title-heading title-heading-center fusion-responsive-typography-calculated\" style=\"margin:0;text-transform:uppercase;--fontSize:34;line-height:var(--awb-typography1-line-height);\"><p style=\"text-align: center;\">Le Prix Choix des amateurs de l\u2019ALD<\/p><\/h1><\/div><div class=\"fusion-image-element \" style=\"text-align:center;--awb-caption-title-font-family:var(--h2_typography-font-family);--awb-caption-title-font-weight:var(--h2_typography-font-weight);--awb-caption-title-font-style:var(--h2_typography-font-style);--awb-caption-title-size:var(--h2_typography-font-size);--awb-caption-title-transform:var(--h2_typography-text-transform);--awb-caption-title-line-height:var(--h2_typography-line-height);--awb-caption-title-letter-spacing:var(--h2_typography-letter-spacing);\"><span class=\" fusion-imageframe imageframe-none imageframe-1 hover-type-none\"><img decoding=\"async\" width=\"2560\" height=\"400\" title=\"Asset 1@4x\" src=\"https:\/\/theesa.ca\/wp-content\/uploads\/2026\/03\/Asset-1@4x-scaled.png\" data-orig-src=\"https:\/\/theesa.ca\/wp-content\/uploads\/2026\/03\/Asset-1@4x-scaled.png\" alt class=\"lazyload img-responsive wp-image-8428\" srcset=\"data:image\/svg+xml,%3Csvg%20xmlns%3D%27http%3A%2F%2Fwww.w3.org%2F2000%2Fsvg%27%20width%3D%272560%27%20height%3D%27400%27%20viewBox%3D%270%200%202560%20400%27%3E%3Crect%20width%3D%272560%27%20height%3D%27400%27%20fill-opacity%3D%220%22%2F%3E%3C%2Fsvg%3E\" data-srcset=\"https:\/\/theesa.ca\/wp-content\/uploads\/2026\/03\/Asset-1@4x-200x31.png 200w, https:\/\/theesa.ca\/wp-content\/uploads\/2026\/03\/Asset-1@4x-400x63.png 400w, https:\/\/theesa.ca\/wp-content\/uploads\/2026\/03\/Asset-1@4x-600x94.png 600w, https:\/\/theesa.ca\/wp-content\/uploads\/2026\/03\/Asset-1@4x-800x125.png 800w, https:\/\/theesa.ca\/wp-content\/uploads\/2026\/03\/Asset-1@4x-1200x188.png 1200w, https:\/\/theesa.ca\/wp-content\/uploads\/2026\/03\/Asset-1@4x-scaled.png 2560w\" data-sizes=\"auto\" data-orig-sizes=\"(max-width: 1024px) 100vw, (max-width: 640px) 100vw, 1200px\" \/><\/span><\/div><div class=\"fusion-separator fusion-full-width-sep\" style=\"align-self: center;margin-left: auto;margin-right: auto;margin-top:20px;width:100%;\"><\/div><div class=\"fusion-text fusion-text-1\"><p style=\"text-align: center;\"><span style=\"color: #ffffff;\">Le <strong>Prix Choix des amateurs de l\u2019ALD<\/strong>\u00a0invite les joueurs de tout le Canada \u00e0 voter pour leur jeu pr\u00e9f\u00e9r\u00e9 de l&rsquo;ann\u00e9e.<\/span><br \/>\n<span style=\"color: #ffffff;\">Ouvert \u00e0 tous les titres nomin\u00e9s aux <b>Prix du jeu canadien<\/b>, ce prix r\u00e9compense les jeux qui ont le plus marqu\u00e9 les joueurs.<\/span><\/p>\n<p style=\"text-align: center;\"><span style=\"color: #ffffff;\">Le gagnant est d\u00e9termin\u00e9 exclusivement par les votes des amateurs.<\/span><\/p>\n<p style=\"text-align: center;\"><span style=\"color: #ffffff;\">Votez ci-dessous \u2014 <b>une vote par jour<\/b> \u2014 et soutenez votre jeu pr\u00e9f\u00e9r\u00e9 de 2025.<\/span><\/p>\n<p style=\"text-align: center;\"><span style=\"color: #ffffff;\"><strong>Le 4 mai prochain<\/strong>, les 10 finalistes ayant r\u00e9colt\u00e9 le plus de votes \u00e0 ce jour seront d\u00e9voil\u00e9s. <\/span><br \/>\n<span style=\"color: #ffffff;\">\u00c0 partir de ce moment-l\u00e0, le vote se poursuivra uniquement entre ces 10 nomin\u00e9s.<\/span><\/p>\n<p style=\"text-align: center;\"><span style=\"color: #ffffff;\">Le gagnant du <strong>Prix Choix des amateurs de l\u2019ALD<\/strong><b>\u00a0sera annonc\u00e9 en direct lors des Prix du jeu canadien<\/b>.<\/span><\/p>\n<\/div><div class=\"fusion-separator fusion-full-width-sep\" style=\"align-self: center;margin-left: auto;margin-right: auto;margin-top:20px;width:100%;\"><\/div><\/div><\/div><div class=\"fusion-layout-column fusion_builder_column fusion-builder-column-1 fusion_builder_column_1_1 1_1 fusion-flex-column fusion-flex-align-self-center\" style=\"--awb-bg-size:cover;--awb-width-large:100%;--awb-margin-top-large:0px;--awb-spacing-right-large:1.92%;--awb-margin-bottom-large:20px;--awb-spacing-left-large:1.92%;--awb-width-medium:100%;--awb-order-medium:0;--awb-spacing-right-medium:1.92%;--awb-spacing-left-medium:1.92%;--awb-width-small:100%;--awb-order-small:0;--awb-spacing-right-small:1.92%;--awb-spacing-left-small:1.92%;\" data-scroll-devices=\"small-visibility,medium-visibility,large-visibility\"><div class=\"fusion-column-wrapper fusion-column-has-shadow fusion-flex-justify-content-center fusion-content-layout-column\"><script>(function(t,e,s,n){var o,a,c;t.SMCX=t.SMCX||[],e.getElementById(n)||(o=e.getElementsByTagName(s),a=o[o.length-1],c=e.createElement(s),c.type=\"text\/javascript\",c.async=!0,c.id=n,c.src=\"https:\/\/widget.surveymonkey.com\/collect\/website\/js\/tRaiETqnLgj758hTBazgdx0b1FGYWtCVZJuWJl1zN_2FoYiRS9AYa_2BX4yckV3m2iNu.js\",a.parentNode.insertBefore(c,a))})(window,document,\"script\",\"smcx-sdk\");<\/script><a style=\"font: 12px Helvetica, sans-serif; color: #999; text-decoration: none;\" href=www.surveymonkey.com> <\/a><\/div><\/div><div class=\"fusion-layout-column fusion_builder_column fusion-builder-column-2 fusion_builder_column_1_1 1_1 fusion-flex-column fusion-flex-align-self-center\" style=\"--awb-bg-size:cover;--awb-width-large:100%;--awb-margin-top-large:0px;--awb-spacing-right-large:1.92%;--awb-margin-bottom-large:20px;--awb-spacing-left-large:1.92%;--awb-width-medium:100%;--awb-order-medium:0;--awb-spacing-right-medium:1.92%;--awb-spacing-left-medium:1.92%;--awb-width-small:100%;--awb-order-small:0;--awb-spacing-right-small:1.92%;--awb-spacing-left-small:1.92%;\" data-scroll-devices=\"small-visibility,medium-visibility,large-visibility\"><div class=\"fusion-column-wrapper fusion-column-has-shadow fusion-flex-justify-content-center fusion-content-layout-column\"><div class=\"fusion-text fusion-text-2\"><p><span style=\"color: #ffffff;\">Cliquez <a href=\"https:\/\/theesa.ca\/wp-content\/uploads\/2026\/03\/Prix-du-public-\u2013-Re\u0300glement-officiel-du-vote.docx\">ici<\/a> pour consulter le r\u00e8glement du vote.<\/span><\/p>\n<\/div><\/div><\/div><\/div><\/div>\n","protected":false},"excerpt":{"rendered":"","protected":false},"author":1,"featured_media":0,"parent":0,"menu_order":0,"comment_status":"closed","ping_status":"closed","template":"100-width.php","meta":{"_monsterinsights_skip_tracking":false,"_monsterinsights_sitenote_active":false,"_monsterinsights_sitenote_note":"","_monsterinsights_sitenote_category":0,"footnotes":"","_wp_rev_ctl_limit":""},"class_list":["post-8426","page","type-page","status-publish","hentry"],"aioseo_notices":[],"_links":{"self":[{"href":"https:\/\/theesa.ca\/fr\/wp-json\/wp\/v2\/pages\/8426","targetHints":{"allow":["GET"]}}],"collection":[{"href":"https:\/\/theesa.ca\/fr\/wp-json\/wp\/v2\/pages"}],"about":[{"href":"https:\/\/theesa.ca\/fr\/wp-json\/wp\/v2\/types\/page"}],"author":[{"embeddable":true,"href":"https:\/\/theesa.ca\/fr\/wp-json\/wp\/v2\/users\/1"}],"replies":[{"embeddable":true,"href":"https:\/\/theesa.ca\/fr\/wp-json\/wp\/v2\/comments?post=8426"}],"version-history":[{"count":16,"href":"https:\/\/theesa.ca\/fr\/wp-json\/wp\/v2\/pages\/8426\/revisions"}],"predecessor-version":[{"id":8457,"href":"https:\/\/theesa.ca\/fr\/wp-json\/wp\/v2\/pages\/8426\/revisions\/8457"}],"wp:attachment":[{"href":"https:\/\/theesa.ca\/fr\/wp-json\/wp\/v2\/media?parent=8426"}],"curies":[{"name":"wp","href":"https:\/\/api.w.org\/{rel}","templated":true}]}}